{"id":408,"date":"2025-04-24T11:03:00","date_gmt":"2025-04-24T09:03:00","guid":{"rendered":"https:\/\/nice.cloudconnection.ch\/bernina-gt3\/?page_id=408"},"modified":"2025-05-03T09:53:34","modified_gmt":"2025-05-03T07:53:34","slug":"conditions-of-participation","status":"publish","type":"page","link":"https:\/\/www.bernina-granturismo.com\/en\/teilnahmebedingungen\/","title":{"rendered":"Conditions of participation"},"content":{"rendered":"<div data-elementor-type=\"wp-page\" data-elementor-id=\"408\" class=\"elementor elementor-408\" data-elementor-post-type=\"page\">\n\t\t\t\t<div class=\"elementor-element elementor-element-fd4b476 e-flex e-con-boxed e-con e-parent\" data-id=\"fd4b476\" data-element_type=\"container\" data-e-type=\"container\">\n\t\t\t\t\t<div class=\"e-con-inner\">\n\t\t<div class=\"elementor-element elementor-element-9ffc6de e-con-full e-flex e-con e-child\" data-id=\"9ffc6de\" data-element_type=\"container\" data-e-type=\"container\">\n\t\t<div class=\"elementor-element elementor-element-2a5a649 e-con-full e-flex e-con e-child\" data-id=\"2a5a649\" data-element_type=\"container\" data-e-type=\"container\">\n\t\t\t\t<div class=\"elementor-element elementor-element-1fb68d5 elementor-widget elementor-widget-heading\" data-id=\"1fb68d5\" data-element_type=\"widget\" data-e-type=\"widget\" data-widget_type=\"heading.default\">\n\t\t\t\t<div class=\"elementor-widget-container\">\n\t\t\t\t\t<h3 class=\"elementor-heading-title elementor-size-default\">Conditions of participation<\/h3>\t\t\t\t<\/div>\n\t\t\t\t<\/div>\n\t\t\t\t<div class=\"elementor-element elementor-element-3c2d4e1 elementor-widget elementor-widget-text-editor\" data-id=\"3c2d4e1\" data-element_type=\"widget\" data-e-type=\"widget\" data-widget_type=\"text-editor.default\">\n\t\t\t\t<div class=\"elementor-widget-container\">\n\t\t\t\t\t\t\t\t\t<p>Participation in the BERNINA GRAN TURISMO 2025 is limited. A selection committee will make the final decision on which vehicles will be admitted - this decision is final and cannot be appealed.\u00a0<\/p><p>The application must be submitted by <b>15 July 2025.<\/b> The application will not be reviewed until the full participation fee has been received. Payment is made directly to the <b>INTERNATIONAL ST. MORITZ AUTOMOBILE WEEKS AG<\/b> - the account details are given in the registration form.<\/p>\t\t\t\t\t\t\t\t<\/div>\n\t\t\t\t<\/div>\n\t\t\t\t<div class=\"elementor-element elementor-element-61d0924 elementor-widget elementor-widget-heading\" data-id=\"61d0924\" data-element_type=\"widget\" data-e-type=\"widget\" data-widget_type=\"heading.default\">\n\t\t\t\t<div class=\"elementor-widget-container\">\n\t\t\t\t\t<h3 class=\"elementor-heading-title elementor-size-default\">Requirements for participation<\/h3>\t\t\t\t<\/div>\n\t\t\t\t<\/div>\n\t\t\t\t<div class=\"elementor-element elementor-element-02e37ff elementor-widget elementor-widget-text-editor\" data-id=\"02e37ff\" data-element_type=\"widget\" data-e-type=\"widget\" data-widget_type=\"text-editor.default\">\n\t\t\t\t<div class=\"elementor-widget-container\">\n\t\t\t\t\t\t\t\t\t<ul><li><p class=\"p1\">The vehicle must be authorised for use on public roads.<\/p><\/li><li><p class=\"p1\">For the \"Competition\" race: a valid <span class=\"s1\"><b>FIA HTP<\/b><\/span> (vehicle pass).<\/p><\/li><li><p class=\"p1\">For the \"Regularity\" race: <span class=\"s1\"><b>FIA HTP<\/b><\/span>, <span class=\"s1\"><b>FIVA ID<\/b><\/span> or <span class=\"s1\"><b>FIA HRCP<\/b><\/span>.<\/p><\/li><li><p class=\"p1\">Drivers require a valid licence for 2025. If you do not have one, you can obtain a temporary D1 licence from <span class=\"s1\"><b>Auto Sport Schweiz<\/b><\/span> (\u201eRegularity\u201c race ONLY).<\/p><\/li><\/ul>\t\t\t\t\t\t\t\t<\/div>\n\t\t\t\t<\/div>\n\t\t\t\t<div class=\"elementor-element elementor-element-42c3e15 elementor-widget elementor-widget-heading\" data-id=\"42c3e15\" data-element_type=\"widget\" data-e-type=\"widget\" data-widget_type=\"heading.default\">\n\t\t\t\t<div class=\"elementor-widget-container\">\n\t\t\t\t\t<h3 class=\"elementor-heading-title elementor-size-default\">Documents &amp; approvals<\/h3>\t\t\t\t<\/div>\n\t\t\t\t<\/div>\n\t\t\t\t<div class=\"elementor-element elementor-element-fcc479f elementor-widget elementor-widget-text-editor\" data-id=\"fcc479f\" data-element_type=\"widget\" data-e-type=\"widget\" data-widget_type=\"text-editor.default\">\n\t\t\t\t<div class=\"elementor-widget-container\">\n\t\t\t\t\t\t\t\t\t<p class=\"p1\">All participants must present the following documents:<\/p><ul><li><p class=\"p1\">Valid driving licence<\/p><\/li><li><p class=\"p1\">Proof of insurance<\/p><\/li><li><p class=\"p1\">Proof of identity<\/p><\/li><li><p class=\"p1\">Proof of licence (if available)<\/p><\/li><li><p class=\"p1\">Fully completed and signed registration form<\/p><\/li><\/ul><p class=\"p1\">The technical scrutineering will take place on Friday, <span class=\"s2\"><b>19 September 2025.<\/b><\/span>Helmets and overalls must be FIA-certified (details in the regulations).<\/p>\t\t\t\t\t\t\t\t<\/div>\n\t\t\t\t<\/div>\n\t\t\t\t<\/div>\n\t\t\t\t<\/div>\n\t\t\t\t\t<\/div>\n\t\t\t\t<\/div>\n\t\t\t\t<\/div>","protected":false},"excerpt":{"rendered":"<p>Teilnahmebedingungen Die Teilnahme am BERNINA GRAN TURISMO 2025 ist limitiert. Ein Auswahlkomitee entscheidet abschliessend, welche Fahrzeuge zugelassen werden \u2013 diese Entscheidung ist endg\u00fcltig, ein Einspruch nicht m\u00f6glich.\u00a0 Die Anmeldung muss bis sp\u00e4testens 15. Juli 2025 erfolgen. Erst mit Eingang der vollst\u00e4ndigen Teilnahmegeb\u00fchr wird die Bewerbung gepr\u00fcft. Die Bezahlung erfolgt direkt an die INTERNATIONALE ST. MORITZER [&hellip;]<\/p>\n","protected":false},"author":2,"featured_media":0,"parent":0,"menu_order":0,"comment_status":"closed","ping_status":"closed","template":"","meta":{"footnotes":""},"categories":[],"tags":[],"class_list":["post-408","page","type-page","status-publish","hentry"],"yoast_head":"<!-- This site is optimized with the Yoast SEO plugin v27.4 - https:\/\/yoast.com\/product\/yoast-seo-wordpress\/ -->\n<title>Teilnahmebedingungen - Bernina Gran Turismo \u2013 Das legend\u00e4re Bergrennen<\/title>\n<meta name=\"robots\" content=\"index, follow, max-snippet:-1, max-image-preview:large, max-video-preview:-1\" \/>\n<link rel=\"canonical\" href=\"https:\/\/www.bernina-granturismo.com\/en\/conditions-of-participation\/\" \/>\n<meta property=\"og:locale\" content=\"en_GB\" \/>\n<meta property=\"og:type\" content=\"article\" \/>\n<meta property=\"og:title\" content=\"Teilnahmebedingungen - Bernina Gran Turismo \u2013 Das legend\u00e4re Bergrennen\" \/>\n<meta property=\"og:description\" content=\"Teilnahmebedingungen Die Teilnahme am BERNINA GRAN TURISMO 2025 ist limitiert. Ein Auswahlkomitee entscheidet abschliessend, welche Fahrzeuge zugelassen werden \u2013 diese Entscheidung ist endg\u00fcltig, ein Einspruch nicht m\u00f6glich.\u00a0 Die Anmeldung muss bis sp\u00e4testens 15. Juli 2025 erfolgen. Erst mit Eingang der vollst\u00e4ndigen Teilnahmegeb\u00fchr wird die Bewerbung gepr\u00fcft. Die Bezahlung erfolgt direkt an die INTERNATIONALE ST. MORITZER [&hellip;]\" \/>\n<meta property=\"og:url\" content=\"https:\/\/www.bernina-granturismo.com\/en\/conditions-of-participation\/\" \/>\n<meta property=\"og:site_name\" content=\"Bernina Gran Turismo \u2013 Das legend\u00e4re Bergrennen\" \/>\n<meta property=\"article:modified_time\" content=\"2025-05-03T07:53:34+00:00\" \/>\n<meta name=\"twitter:card\" content=\"summary_large_image\" \/>\n<meta name=\"twitter:label1\" content=\"Estimated reading time\" \/>\n\t<meta name=\"twitter:data1\" content=\"1 minute\" \/>\n<script type=\"application\/ld+json\" class=\"yoast-schema-graph\">{\"@context\":\"https:\\\/\\\/schema.org\",\"@graph\":[{\"@type\":\"WebPage\",\"@id\":\"https:\\\/\\\/www.bernina-granturismo.com\\\/teilnahmebedingungen\\\/\",\"url\":\"https:\\\/\\\/www.bernina-granturismo.com\\\/teilnahmebedingungen\\\/\",\"name\":\"Teilnahmebedingungen - Bernina Gran Turismo \u2013 Das legend\u00e4re Bergrennen\",\"isPartOf\":{\"@id\":\"https:\\\/\\\/www.bernina-granturismo.com\\\/#website\"},\"datePublished\":\"2025-04-24T09:03:00+00:00\",\"dateModified\":\"2025-05-03T07:53:34+00:00\",\"breadcrumb\":{\"@id\":\"https:\\\/\\\/www.bernina-granturismo.com\\\/teilnahmebedingungen\\\/#breadcrumb\"},\"inLanguage\":\"en-GB\",\"potentialAction\":[{\"@type\":\"ReadAction\",\"target\":[\"https:\\\/\\\/www.bernina-granturismo.com\\\/teilnahmebedingungen\\\/\"]}]},{\"@type\":\"BreadcrumbList\",\"@id\":\"https:\\\/\\\/www.bernina-granturismo.com\\\/teilnahmebedingungen\\\/#breadcrumb\",\"itemListElement\":[{\"@type\":\"ListItem\",\"position\":1,\"name\":\"Startseite\",\"item\":\"https:\\\/\\\/www.bernina-granturismo.com\\\/\"},{\"@type\":\"ListItem\",\"position\":2,\"name\":\"Teilnahmebedingungen\"}]},{\"@type\":\"WebSite\",\"@id\":\"https:\\\/\\\/www.bernina-granturismo.com\\\/#website\",\"url\":\"https:\\\/\\\/www.bernina-granturismo.com\\\/\",\"name\":\"Bernina Gran Turismo \u2013 Das legend\u00e4re Bergrennen\",\"description\":\"Offizielle Website des Bernina Gran Turismo 2025. Historisches Bergrennen zwischen St. Moritz und Poschiavo. Rennsport, Stil &amp; alpine Faszination.\",\"publisher\":{\"@id\":\"https:\\\/\\\/www.bernina-granturismo.com\\\/#organization\"},\"potentialAction\":[{\"@type\":\"SearchAction\",\"target\":{\"@type\":\"EntryPoint\",\"urlTemplate\":\"https:\\\/\\\/www.bernina-granturismo.com\\\/?s={search_term_string}\"},\"query-input\":{\"@type\":\"PropertyValueSpecification\",\"valueRequired\":true,\"valueName\":\"search_term_string\"}}],\"inLanguage\":\"en-GB\"},{\"@type\":\"Organization\",\"@id\":\"https:\\\/\\\/www.bernina-granturismo.com\\\/#organization\",\"name\":\"Bernina Gran Turismo \u2013 Das legend\u00e4re Bergrennen\",\"url\":\"https:\\\/\\\/www.bernina-granturismo.com\\\/\",\"logo\":{\"@type\":\"ImageObject\",\"inLanguage\":\"en-GB\",\"@id\":\"https:\\\/\\\/www.bernina-granturismo.com\\\/#\\\/schema\\\/logo\\\/image\\\/\",\"url\":\"https:\\\/\\\/www.bernina-granturismo.com\\\/wp-content\\\/uploads\\\/2025\\\/04\\\/bgt2025_logo.svg\",\"contentUrl\":\"https:\\\/\\\/www.bernina-granturismo.com\\\/wp-content\\\/uploads\\\/2025\\\/04\\\/bgt2025_logo.svg\",\"width\":98,\"height\":153,\"caption\":\"Bernina Gran Turismo \u2013 Das legend\u00e4re Bergrennen\"},\"image\":{\"@id\":\"https:\\\/\\\/www.bernina-granturismo.com\\\/#\\\/schema\\\/logo\\\/image\\\/\"}}]}<\/script>\n<!-- \/ Yoast SEO plugin. -->","yoast_head_json":{"title":"Conditions of participation - Bernina Gran Turismo - The legendary hill climb","robots":{"index":"index","follow":"follow","max-snippet":"max-snippet:-1","max-image-preview":"max-image-preview:large","max-video-preview":"max-video-preview:-1"},"canonical":"https:\/\/www.bernina-granturismo.com\/en\/conditions-of-participation\/","og_locale":"en_GB","og_type":"article","og_title":"Teilnahmebedingungen - Bernina Gran Turismo \u2013 Das legend\u00e4re Bergrennen","og_description":"Teilnahmebedingungen Die Teilnahme am BERNINA GRAN TURISMO 2025 ist limitiert. Ein Auswahlkomitee entscheidet abschliessend, welche Fahrzeuge zugelassen werden \u2013 diese Entscheidung ist endg\u00fcltig, ein Einspruch nicht m\u00f6glich.\u00a0 Die Anmeldung muss bis sp\u00e4testens 15. Juli 2025 erfolgen. Erst mit Eingang der vollst\u00e4ndigen Teilnahmegeb\u00fchr wird die Bewerbung gepr\u00fcft. Die Bezahlung erfolgt direkt an die INTERNATIONALE ST. MORITZER [&hellip;]","og_url":"https:\/\/www.bernina-granturismo.com\/en\/conditions-of-participation\/","og_site_name":"Bernina Gran Turismo \u2013 Das legend\u00e4re Bergrennen","article_modified_time":"2025-05-03T07:53:34+00:00","twitter_card":"summary_large_image","twitter_misc":{"Estimated reading time":"1 minute"},"schema":{"@context":"https:\/\/schema.org","@graph":[{"@type":"WebPage","@id":"https:\/\/www.bernina-granturismo.com\/teilnahmebedingungen\/","url":"https:\/\/www.bernina-granturismo.com\/teilnahmebedingungen\/","name":"Conditions of participation - Bernina Gran Turismo - The legendary hill climb","isPartOf":{"@id":"https:\/\/www.bernina-granturismo.com\/#website"},"datePublished":"2025-04-24T09:03:00+00:00","dateModified":"2025-05-03T07:53:34+00:00","breadcrumb":{"@id":"https:\/\/www.bernina-granturismo.com\/teilnahmebedingungen\/#breadcrumb"},"inLanguage":"en-GB","potentialAction":[{"@type":"ReadAction","target":["https:\/\/www.bernina-granturismo.com\/teilnahmebedingungen\/"]}]},{"@type":"BreadcrumbList","@id":"https:\/\/www.bernina-granturismo.com\/teilnahmebedingungen\/#breadcrumb","itemListElement":[{"@type":"ListItem","position":1,"name":"Startseite","item":"https:\/\/www.bernina-granturismo.com\/"},{"@type":"ListItem","position":2,"name":"Teilnahmebedingungen"}]},{"@type":"WebSite","@id":"https:\/\/www.bernina-granturismo.com\/#website","url":"https:\/\/www.bernina-granturismo.com\/","name":"Bernina Gran Turismo - The legendary hill climb","description":"Official website of the Bernina Gran Turismo 2025, the historic mountain race between St. Moritz and Poschiavo. Racing, style &amp; alpine fascination.","publisher":{"@id":"https:\/\/www.bernina-granturismo.com\/#organization"},"potentialAction":[{"@type":"SearchAction","target":{"@type":"EntryPoint","urlTemplate":"https:\/\/www.bernina-granturismo.com\/?s={search_term_string}"},"query-input":{"@type":"PropertyValueSpecification","valueRequired":true,"valueName":"search_term_string"}}],"inLanguage":"en-GB"},{"@type":"Organization","@id":"https:\/\/www.bernina-granturismo.com\/#organization","name":"Bernina Gran Turismo - The legendary hill climb","url":"https:\/\/www.bernina-granturismo.com\/","logo":{"@type":"ImageObject","inLanguage":"en-GB","@id":"https:\/\/www.bernina-granturismo.com\/#\/schema\/logo\/image\/","url":"https:\/\/www.bernina-granturismo.com\/wp-content\/uploads\/2025\/04\/bgt2025_logo.svg","contentUrl":"https:\/\/www.bernina-granturismo.com\/wp-content\/uploads\/2025\/04\/bgt2025_logo.svg","width":98,"height":153,"caption":"Bernina Gran Turismo \u2013 Das legend\u00e4re Bergrennen"},"image":{"@id":"https:\/\/www.bernina-granturismo.com\/#\/schema\/logo\/image\/"}}]}},"_links":{"self":[{"href":"https:\/\/www.bernina-granturismo.com\/en\/wp-json\/wp\/v2\/pages\/408","targetHints":{"allow":["GET"]}}],"collection":[{"href":"https:\/\/www.bernina-granturismo.com\/en\/wp-json\/wp\/v2\/pages"}],"about":[{"href":"https:\/\/www.bernina-granturismo.com\/en\/wp-json\/wp\/v2\/types\/page"}],"author":[{"embeddable":true,"href":"https:\/\/www.bernina-granturismo.com\/en\/wp-json\/wp\/v2\/users\/2"}],"replies":[{"embeddable":true,"href":"https:\/\/www.bernina-granturismo.com\/en\/wp-json\/wp\/v2\/comments?post=408"}],"version-history":[{"count":4,"href":"https:\/\/www.bernina-granturismo.com\/en\/wp-json\/wp\/v2\/pages\/408\/revisions"}],"predecessor-version":[{"id":925,"href":"https:\/\/www.bernina-granturismo.com\/en\/wp-json\/wp\/v2\/pages\/408\/revisions\/925"}],"wp:attachment":[{"href":"https:\/\/www.bernina-granturismo.com\/en\/wp-json\/wp\/v2\/media?parent=408"}],"wp:term":[{"taxonomy":"category","embeddable":true,"href":"https:\/\/www.bernina-granturismo.com\/en\/wp-json\/wp\/v2\/categories?post=408"},{"taxonomy":"post_tag","embeddable":true,"href":"https:\/\/www.bernina-granturismo.com\/en\/wp-json\/wp\/v2\/tags?post=408"}],"curies":[{"name":"wp","href":"https:\/\/api.w.org\/{rel}","templated":true}]}}